{"id":346,"date":"2016-09-30T09:34:23","date_gmt":"2016-09-30T09:34:23","guid":{"rendered":"http:\/\/localhost\/flash-new\/?page_id=4"},"modified":"2024-03-26T16:20:13","modified_gmt":"2024-03-26T15:20:13","slug":"home","status":"publish","type":"page","link":"https:\/\/erremedica.com\/","title":{"rendered":"Home"},"content":{"rendered":"<div id=\"pl-346\"  class=\"panel-layout\" ><div id=\"pg-346-0\"  class=\"panel-grid panel-has-style\" ><div class=\"siteorigin-panels-stretch panel-row-style panel-row-style-for-346-0\" id=\"home\" data-stretch-type=\"full-width-stretch\" ><div id=\"pgc-346-0-0\"  class=\"panel-grid-cell\" ><div id=\"panel-346-0-0-0\" class=\"so-panel widget widget_themegrill_flash_slider tg-section tg-slider-widget panel-first-child panel-last-child\" data-index=\"0\" ><div class=\"tg-slider-widget slider-dark slider-content-center slider-control-center full-width\">\n\t<div class=\"swiper-container\">\n\t\t<div class=\"swiper-wrapper\">\n\t\t\t\n\t\t\t\t\t<div class=\"swiper-slide\">\n\t\t\t\t\t\t<figure class=\"slider-image\" >\n\t\t\t\t\t\t\t<img width=\"1920\" height=\"1280\"\t\t\t\t\t\t\t\t\tsrc=\"http:\/\/erremedica.com\/wp-content\/uploads\/2024\/03\/pexels-thirdman-7659573-1.jpg\"\n\t\t\t\t\t\t\t\t\talt=\"Erremedica\"\n\t\t\t\t\t\t\t\t\ttitle=\"Erremedica\"\/>\n\t\t\t\t\t\t\t<div class=\"overlay\"><\/div>\n\t\t\t\t\t\t<\/figure>\n\t\t\t\t\t\t<div class=\"slider-content\">\n\t\t\t\t\t\t\t<div class=\"tg-container\">\n\t\t\t\t\t\t\t\t<div class=\"caption-title\">Erremedica<\/div>\n\t\t\t\t\t\t\t\t<div class=\"caption-desc\">Riabiliazione &amp; Poliambulatori Specialistici\n<\/div>\n\t\t\t\t\t\t\t\t\t\t\t\t\t\t\t\t\t<div class=\"btn-wrapper\">\n\t\t\t\t\t\t\t\t\t\t<a href=\"#chi-siamo\">Chi Siamo<\/a>\n\t\t\t\t\t\t\t\t\t<\/div>\n\t\t\t\t\t\t\t\t\t\t\t\t\t\t\t<\/div>\n\t\t\t\t\t\t<\/div>\n\t\t\t\t\t<\/div>\n\n\t\t\t\t\n\t\t\t\t\t<div class=\"swiper-slide\">\n\t\t\t\t\t\t<figure class=\"slider-image\" >\n\t\t\t\t\t\t\t<img width=\"1920\" height=\"1280\"\t\t\t\t\t\t\t\t\tsrc=\"http:\/\/erremedica.com\/wp-content\/uploads\/2024\/03\/pexels-pixabay-263194-1.jpg\"\n\t\t\t\t\t\t\t\t\talt=\"\"\n\t\t\t\t\t\t\t\t\ttitle=\"\"\/>\n\t\t\t\t\t\t\t<div class=\"overlay\"><\/div>\n\t\t\t\t\t\t<\/figure>\n\t\t\t\t\t\t<div class=\"slider-content\">\n\t\t\t\t\t\t\t<div class=\"tg-container\">\n\t\t\t\t\t\t\t\t<div class=\"caption-title\"><\/div>\n\t\t\t\t\t\t\t\t<div class=\"caption-desc\">Servizi e tecniche poliambulatoriali<\/div>\n\t\t\t\t\t\t\t\t\t\t\t\t\t\t\t\t\t<div class=\"btn-wrapper\">\n\t\t\t\t\t\t\t\t\t\t<a href=\"#servizi\">Vai ai servizi<\/a>\n\t\t\t\t\t\t\t\t\t<\/div>\n\t\t\t\t\t\t\t\t\t\t\t\t\t\t\t<\/div>\n\t\t\t\t\t\t<\/div>\n\t\t\t\t\t<\/div>\n\n\t\t\t\t\n\t\t\t\t\t<div class=\"swiper-slide\">\n\t\t\t\t\t\t<figure class=\"slider-image\" >\n\t\t\t\t\t\t\t<img width=\"1920\" height=\"1280\"\t\t\t\t\t\t\t\t\tsrc=\"http:\/\/erremedica.com\/wp-content\/uploads\/2024\/03\/pexels-pixabay-356040-1.jpg\"\n\t\t\t\t\t\t\t\t\talt=\"\"\n\t\t\t\t\t\t\t\t\ttitle=\"\"\/>\n\t\t\t\t\t\t\t<div class=\"overlay\"><\/div>\n\t\t\t\t\t\t<\/figure>\n\t\t\t\t\t\t<div class=\"slider-content\">\n\t\t\t\t\t\t\t<div class=\"tg-container\">\n\t\t\t\t\t\t\t\t<div class=\"caption-title\"><\/div>\n\t\t\t\t\t\t\t\t<div class=\"caption-desc\"><\/div>\n\t\t\t\t\t\t\t\t\t\t\t\t\t\t\t<\/div>\n\t\t\t\t\t\t<\/div>\n\t\t\t\t\t<\/div>\n\n\t\t\t\t\t\t<\/div>\n\t\t<div class=\"swiper-pagination\"><\/div>\n\t\t<div class=\"slider-arrow\">\n\t\t\t<div class=\"swiper-button-next\"><\/div>\n\t\t\t<div class=\"swiper-button-prev\"><\/div>\n\t\t<\/div>\n\t<\/div>\n<\/div>\n<\/div><\/div><\/div><\/div><div id=\"pg-346-1\"  class=\"panel-grid panel-has-style\" ><div class=\"siteorigin-panels-stretch panel-row-style panel-row-style-for-346-1\" id=\"chi-siamo\" data-stretch-type=\"full\" ><div id=\"pgc-346-1-0\"  class=\"panel-grid-cell\" ><div id=\"panel-346-1-0-0\" class=\"so-panel widget widget_themegrill_flash_heading tg-widget section-title-wrapper panel-first-child\" data-index=\"1\" >\t<h3 class=\"section-title\">CHI SIAMO<\/h3>\n<\/div><div id=\"panel-346-1-0-1\" class=\"so-panel widget widget_sow-editor panel-last-child\" data-index=\"2\" ><div\n\t\t\t\n\t\t\tclass=\"so-widget-sow-editor so-widget-sow-editor-base\"\n\t\t\t\n\t\t>\n<div class=\"siteorigin-widget-tinymce textwidget\">\n\t<p>L\u2019Istituto Sanitario Erremedica con sede a Terni in via Cassian Bon 1\/A racchiude in s\u00e9 le caratteristiche delle strutture poliambulatoriali pi\u00f9 moderne e all\u2019avanguardia presenti nel territorio nazionale.<\/p>\n<p>L\u2019esistenza al suo interno di personale sanitario in possesso di specializzazioni ed esperienze diverse consente l\u2019offerta di una notevole pluralit\u00e0 di servizi; ci\u00f2 in linea con la filosofia che ha guidato la costituzione dell\u2019Istituto il quale si \u00e8 dato come principale obiettivo quello di fornire all\u2019utenza una risposta qualificata e specialistica alle diverse esigenze sanitarie.<\/p>\n<p>La direzione dell\u2019Istituto \u00e8 affidata al Dott. TRAVAGLINI AUGUSTO specializzato in diabetologia e medicina del lavoro.<\/p>\n<p>Il Centro ha inteso porre all\u2019interno della propria sfera di interesse non soltanto il momento riabilitativo delle varie patologie ma anche e principalmente quello preventivo seguendo con ci\u00f2 il principio cardine della medicina moderna.<\/p>\n<p>Da sottolineare \u00e8 l\u2019interdisciplinariet\u00e0 tra le varie figure operanti; ci\u00f2 consente la formazione di molteplici sinergie che garantiscono un approccio multidisciplinare e completo alle diverse patologie.<\/p>\n<\/div>\n<\/div><\/div><\/div><\/div><\/div><div id=\"pg-346-2\"  class=\"panel-grid panel-has-style\" ><div class=\"siteorigin-panels-stretch panel-row-style panel-row-style-for-346-2\" data-siteorigin-parallax=\"{&quot;backgroundUrl&quot;:&quot;https:\\\/\\\/erremedica.com\\\/wp-content\\\/uploads\\\/2024\\\/03\\\/pexels-pixabay-263194-1.jpg&quot;,&quot;backgroundSize&quot;:[1920,1280],&quot;backgroundSizing&quot;:&quot;scaled&quot;,&quot;limitMotion&quot;:&quot;auto&quot;}\" data-stretch-type=\"full\" ><div id=\"pgc-346-2-0\"  class=\"panel-grid-cell panel-grid-cell-empty\" ><\/div><\/div><\/div><div id=\"pg-346-3\"  class=\"panel-grid panel-has-style\" ><div id=\"servizi\" class=\"panel-row-style panel-row-style-for-346-3\" ><div id=\"pgc-346-3-0\"  class=\"panel-grid-cell\" ><div id=\"panel-346-3-0-0\" class=\"so-panel widget widget_themegrill_flash_heading tg-widget section-title-wrapper panel-first-child\" data-index=\"3\" >\t<h3 class=\"section-title\">I NOSTRI SERVIZI<\/h3>\n<\/div><div id=\"panel-346-3-0-1\" class=\"so-panel widget widget_siteorigin-panels-builder panel-last-child\" data-index=\"4\" ><div id=\"pl-w6602ac5c17d5e\"  class=\"panel-layout\" ><div id=\"pg-w6602ac5c17d5e-0\"  class=\"panel-grid panel-no-style\" ><div id=\"pgc-w6602ac5c17d5e-0-0\"  class=\"panel-grid-cell\" ><div id=\"panel-w6602ac5c17d5e-0-0-0\" class=\"so-panel widget widget_sow-editor panel-first-child panel-last-child\" data-index=\"0\" ><div\n\t\t\t\n\t\t\tclass=\"so-widget-sow-editor so-widget-sow-editor-base\"\n\t\t\t\n\t\t><h3 class=\"widget-title\">CONSULENZE SPECIALISTICHE CONVENZIONATE<\/h3>\n<div class=\"siteorigin-widget-tinymce textwidget\">\n\t<p>&nbsp;<\/p>\n<p>FISIOTERAPIA<br \/>\nELETTROSTIMOLAZIONI<br \/>\nMAGNETOTERAPIA<br \/>\nGINNASTICA MEDICA<br \/>\nGINNASTICA POSTURALE<br \/>\nGINNASTICA INDIVIDUALE<br \/>\nKINESITERAPIA<\/p>\n<\/div>\n<\/div><\/div><\/div><div id=\"pgc-w6602ac5c17d5e-0-1\"  class=\"panel-grid-cell\" ><div id=\"panel-w6602ac5c17d5e-0-1-0\" class=\"so-panel widget widget_sow-editor panel-first-child panel-last-child\" data-index=\"1\" ><div\n\t\t\t\n\t\t\tclass=\"so-widget-sow-editor so-widget-sow-editor-base\"\n\t\t\t\n\t\t><h3 class=\"widget-title\">CONSULENZE SPECIALISTICHE NON CONVENZIONATE<\/h3>\n<div class=\"siteorigin-widget-tinymce textwidget\">\n\t<p>&nbsp;<\/p>\n<p>ANDROLOGIA<br \/>\nANGIOLOGIA<br \/>\nDIABETOLOGIA<br \/>\nDIETOLOGIA<br \/>\nENDOCRINOLOGIA<br \/>\nGINECOLOGIA<br \/>\nMEDICINA LEGALE<br \/>\nMEDICINA DEL LAVORO NEUROPSICHIATRIA<br \/>\nORTOPEDIA<br \/>\nONCOLOGIA OTORINOLARINGOIATRIA PSICOLOGIA<br \/>\nREUMATOLOGIA<br \/>\nUROLOGIA<\/p>\n<\/div>\n<\/div><\/div><\/div><div id=\"pgc-w6602ac5c17d5e-0-2\"  class=\"panel-grid-cell\" ><div id=\"panel-w6602ac5c17d5e-0-2-0\" class=\"so-panel widget widget_sow-editor panel-first-child panel-last-child\" data-index=\"2\" ><div\n\t\t\t\n\t\t\tclass=\"so-widget-sow-editor so-widget-sow-editor-base\"\n\t\t\t\n\t\t><h3 class=\"widget-title\">DIAGNOSTICA PER IMMAGINI<\/h3>\n<div class=\"siteorigin-widget-tinymce textwidget\">\n\t<p>&nbsp;<\/p>\n<p>ECOGRAFIA GINECOLOGICA<br \/>\nECOGRAFIA RENALE<br \/>\nECO-COLOR DOPPLER VASCOLARE<br \/>\nM.O.C. CALCANEARE AD ULTRASUONI PER DIAGNOSI OSTEOPOROSI<\/p>\n<\/div>\n<\/div><\/div><\/div><div id=\"pgc-w6602ac5c17d5e-0-3\"  class=\"panel-grid-cell\" ><div id=\"panel-w6602ac5c17d5e-0-3-0\" class=\"so-panel widget widget_sow-editor panel-first-child panel-last-child\" data-index=\"3\" ><div\n\t\t\t\n\t\t\tclass=\"so-widget-sow-editor so-widget-sow-editor-base\"\n\t\t\t\n\t\t><h3 class=\"widget-title\">MEDICINA ESTETICA<\/h3>\n<div class=\"siteorigin-widget-tinymce textwidget\">\n\t<p>&nbsp;<\/p>\n<p>MESOTERAPIA PER CELLULITE<br \/>\nIMPIANTI DI COLLAGENE<\/p>\n<\/div>\n<\/div><\/div><\/div><\/div><\/div><\/div><\/div><\/div><\/div><div id=\"pg-346-4\"  class=\"panel-grid panel-has-style\" ><div class=\"siteorigin-panels-stretch panel-row-style panel-row-style-for-346-4\" id=\"qualita\" data-stretch-type=\"full\" ><div id=\"pgc-346-4-0\"  class=\"panel-grid-cell\" ><div id=\"panel-346-4-0-0\" class=\"so-panel widget widget_themegrill_flash_heading tg-widget section-title-wrapper panel-first-child\" data-index=\"5\" >\t<h3 class=\"section-title\">QUALIT\u00c0<\/h3>\n<\/div><div id=\"panel-346-4-0-1\" class=\"so-panel widget widget_sow-editor panel-last-child\" data-index=\"6\" ><div\n\t\t\t\n\t\t\tclass=\"so-widget-sow-editor so-widget-sow-editor-base\"\n\t\t\t\n\t\t>\n<div class=\"siteorigin-widget-tinymce textwidget\">\n\t<p>I titolari della Erremedica nel rispetto del loro codice deontologico della categoria, hanno improntato da anni la loro professionalit\u00e0 su principi come : l\u2019efficienza, cortesia, trasparenza, e rispetto della dignit\u00e0 del cliente, adottando da tempo una Carta dei Servizi, in cui i suddetti principi vengono ampliamente descritti.<\/p>\n<h3><img loading=\"lazy\" decoding=\"async\" class=\"size-medium wp-image-420 alignleft\" src=\"http:\/\/erremedica.com\/wp-content\/uploads\/2024\/03\/Lobby-300x225.jpg\" alt=\"\" width=\"300\" height=\"225\" srcset=\"https:\/\/erremedica.com\/wp-content\/uploads\/2024\/03\/Lobby-300x225.jpg 300w, https:\/\/erremedica.com\/wp-content\/uploads\/2024\/03\/Lobby-1024x768.jpg 1024w, https:\/\/erremedica.com\/wp-content\/uploads\/2024\/03\/Lobby-768x576.jpg 768w, https:\/\/erremedica.com\/wp-content\/uploads\/2024\/03\/Lobby-1536x1152.jpg 1536w, https:\/\/erremedica.com\/wp-content\/uploads\/2024\/03\/Lobby-2048x1536.jpg 2048w\" sizes=\"auto, (max-width: 300px) 100vw, 300px\" \/>EFFICIENZA<\/h3>\n<p>La professionalit\u00e0 da parte del nostro personale, di rispondere con tempestivit\u00e0 alle richieste dei ns. clienti fornendo un servizio il pi\u00f9 possibile veloce qualitativamente completo e nel rispetto della Legislazione Sanitaria corrente. Mantenere nel tempo un alto livello dei ns. servizi, attraverso la partecipazione del nostro personale sia Medico, Tecnico e Amministrativo a corsi di Aggiornamento e con la proiezione allo studio di possibili nuove tecnologie in sperimentazione.<\/p>\n<h3>CORTESIA<\/h3>\n<p>Il Centro \u00e8 a disposizione del Cliente e volto sempre alla ricerca di un dialogo.<\/p>\n<h3>TRASPARENZA<img loading=\"lazy\" decoding=\"async\" class=\"size-medium wp-image-421 alignright\" src=\"http:\/\/erremedica.com\/wp-content\/uploads\/2024\/03\/MAGNETO-300x241.jpg\" alt=\"\" width=\"300\" height=\"241\" srcset=\"https:\/\/erremedica.com\/wp-content\/uploads\/2024\/03\/MAGNETO-300x241.jpg 300w, https:\/\/erremedica.com\/wp-content\/uploads\/2024\/03\/MAGNETO.jpg 468w\" sizes=\"auto, (max-width: 300px) 100vw, 300px\" \/><\/h3>\n<p>Tutti gli operatori del Centro si sforzano di instaurare con i clienti un rapporto di fiducia al fine di fornire un servizio consono alle esigenze degli stessi.<\/p>\n<h3>RISPETTO DELLA DIGNITA' DEL CLIENTE<\/h3>\n<p>l principio di riservatezza \u00e8 improntato all\u2019impegno di tutto il personale a non divulgare le notizie che il cliente. Il centro sanziona inoltre, eventuali deroghe a tale principio compiute dagli operatori. Le informazioni relative al cliente sono gestite in forma anonima come previsto dalla DLGS. 196\/2003 - Codice in materia di protezione dei Dati personali.<\/p>\n<\/div>\n<\/div><\/div><\/div><\/div><\/div><div id=\"pg-346-5\"  class=\"panel-grid panel-has-style\" ><div id=\"contatti\" class=\"panel-row-style panel-row-style-for-346-5\" ><div id=\"pgc-346-5-0\"  class=\"panel-grid-cell\" ><div id=\"panel-346-5-0-0\" class=\"so-panel widget widget_themegrill_flash_heading tg-widget section-title-wrapper panel-first-child panel-last-child\" data-index=\"7\" >\t<h3 class=\"section-title\">CONTATTI<\/h3>\n<\/div><\/div><\/div><\/div><div id=\"pg-346-6\"  class=\"panel-grid panel-no-style\" ><div id=\"pgc-346-6-0\"  class=\"panel-grid-cell\" ><div id=\"panel-346-6-0-0\" class=\"so-panel widget widget_sow-editor panel-first-child panel-last-child\" data-index=\"8\" ><div\n\t\t\t\n\t\t\tclass=\"so-widget-sow-editor so-widget-sow-editor-base\"\n\t\t\t\n\t\t>\n<div class=\"siteorigin-widget-tinymce textwidget\">\n\t<p style=\"text-align: right;\"><strong>Istituto Sanitario Erremedica<\/strong><\/p>\n<p style=\"text-align: right;\">Via Cassian Bon 1\/A<br \/>\nPIAZZA TACITO<br \/>\n05100 - Terni (TR)<\/p>\n<p style=\"text-align: right;\">Tel. e Fax <a href=\"tel:0744424989\">0744 424 989<\/a><\/p>\n<p style=\"text-align: right;\">Siamo aperti dal Luned\u00ec al Venerd\u00ec<\/p>\n<p style=\"text-align: right;\">Mattino: dalle 08.30 alle 12.30<br \/>\nPomeriggio: dalle 15.00 alle 19.00<\/p>\n<\/div>\n<\/div><\/div><\/div><div id=\"pgc-346-6-1\"  class=\"panel-grid-cell\" ><div id=\"panel-346-6-1-0\" class=\"widget_text so-panel widget widget_custom_html panel-first-child panel-last-child\" data-index=\"9\" ><div class=\"textwidget custom-html-widget\"><iframe src=\"https:\/\/www.google.com\/maps\/embed?pb=!1m18!1m12!1m3!1d2938.488663650464!2d12.645866276329304!3d42.566149422056235!2m3!1f0!2f0!3f0!3m2!1i1024!2i768!4f13.1!3m3!1m2!1s0x132efb6bbee28f65%3A0x93ac08ba53045554!2sERREMEDICA%20S.N.C.!5e0!3m2!1sit!2sit!4v1711454136335!5m2!1sit!2sit\" width=\"600\" height=\"450\" style=\"border:0;\" allowfullscreen=\"\" loading=\"lazy\" referrerpolicy=\"no-referrer-when-downgrade\"><\/iframe><\/div><\/div><\/div><\/div><div id=\"pg-346-7\"  class=\"panel-grid panel-has-style\" ><div class=\"siteorigin-panels-stretch panel-row-style panel-row-style-for-346-7\" id=\"services\" data-stretch-type=\"full\" ><div id=\"pgc-346-7-0\"  class=\"panel-grid-cell\" ><div id=\"panel-346-7-0-0\" class=\"so-panel widget widget_siteorigin-panels-builder panel-first-child panel-last-child\" data-index=\"10\" ><div class=\"panel-widget-style panel-widget-style-for-346-7-0-0\" ><div id=\"pl-w6602bd20cc82c\"  class=\"panel-layout\" ><div id=\"pg-w6602bd20cc82c-0\"  class=\"panel-grid panel-no-style\" ><div id=\"pgc-w6602bd20cc82c-0-0\"  class=\"panel-grid-cell\" ><div id=\"panel-w6602bd20cc82c-0-0-0\" class=\"so-panel widget widget_themegrill_flash_heading tg-widget section-title-wrapper panel-first-child panel-last-child\" data-index=\"0\" >\t<h3 class=\"section-title\">Prendi visione della nostra analisi di gradimento<\/h3>\n<\/div><\/div><\/div><div id=\"pg-w6602bd20cc82c-1\"  class=\"panel-grid panel-has-style\" ><div class=\"panel-row-style panel-row-style-for-w6602bd20cc82c-1\" ><div id=\"pgc-w6602bd20cc82c-1-0\"  class=\"panel-grid-cell panel-grid-cell-empty\" ><\/div><div id=\"pgc-w6602bd20cc82c-1-1\"  class=\"panel-grid-cell\" ><div id=\"panel-w6602bd20cc82c-1-1-0\" class=\"so-panel widget widget_themegrill_flash_service tg-widget tg-single-service panel-first-child panel-last-child\" data-index=\"1\" >\n<div class=\"tg-service-widget tg-service-layout-2\">\n\t<div class=\"service-wrapper\">\n\t\t<div class=\"service-icon-title-wrapper clearfix\">\n\t\t\t\t\t\t<div class=\"service-icon-wrap\"><i class=\"fa fa-file-pdf-o\"><\/i><\/div>\n\t\t\t\t\t\t\t\t\t\t\t\t<h3 class=\"service-title-wrap\">\n\t\t\t\t\t\t\t\t<a href=\"http:\/\/erremedica.com\/wp-content\/uploads\/2024\/03\/analisi-gradimento-2022.pdf\">\n\t\t\t\t2022\t\t\t\t\t\t\t\t<\/a>\n\t\t\t\t\t\t\t<\/h3>\n\t\t\t\t\t<\/div>\n\t\t\t\t<div class=\"service-content-wrap\">analisi di gradimento 2022<\/div>\n\t\t\t\t\t\t<a class=\"service-more\" href=\"http:\/\/erremedica.com\/wp-content\/uploads\/2024\/03\/analisi-gradimento-2022.pdf\">Download<\/a>\n\t\t\t<\/div>\n<\/div>\n<\/div><\/div><div id=\"pgc-w6602bd20cc82c-1-2\"  class=\"panel-grid-cell panel-grid-cell-mobile-last\" ><div id=\"panel-w6602bd20cc82c-1-2-0\" class=\"so-panel widget widget_themegrill_flash_service tg-widget tg-single-service panel-first-child panel-last-child\" data-index=\"2\" >\n<div class=\"tg-service-widget tg-service-layout-2\">\n\t<div class=\"service-wrapper\">\n\t\t<div class=\"service-icon-title-wrapper clearfix\">\n\t\t\t\t\t\t<div class=\"service-icon-wrap\"><i class=\"fa fa-file-pdf-o\"><\/i><\/div>\n\t\t\t\t\t\t\t\t\t\t\t\t<h3 class=\"service-title-wrap\">\n\t\t\t\t\t\t\t\t<a href=\"http:\/\/erremedica.com\/wp-content\/uploads\/2024\/03\/analisi-gradimento-2023.pdf\">\n\t\t\t\t2023\t\t\t\t\t\t\t\t<\/a>\n\t\t\t\t\t\t\t<\/h3>\n\t\t\t\t\t<\/div>\n\t\t\t\t<div class=\"service-content-wrap\">Analisi di gradimento 2023<\/div>\n\t\t\t\t\t\t<a class=\"service-more\" href=\"http:\/\/erremedica.com\/wp-content\/uploads\/2024\/03\/analisi-gradimento-2023.pdf\">Download<\/a>\n\t\t\t<\/div>\n<\/div>\n<\/div><\/div><div id=\"pgc-w6602bd20cc82c-1-3\"  class=\"panel-grid-cell panel-grid-cell-empty\" ><\/div><\/div><\/div><\/div><\/div><\/div><\/div><\/div><\/div><\/div>","protected":false},"excerpt":{"rendered":"<p>L\u2019Istituto Sanitario Erremedica con sede a Terni in via Cassian Bon 1\/A racchiude in s\u00e9 le caratteristiche delle strutture poliambulatoriali [&hellip;]<\/p>\n","protected":false},"author":1,"featured_media":0,"parent":0,"menu_order":0,"comment_status":"closed","ping_status":"closed","template":"page-templates\/pagebuilder.php","meta":{"footnotes":""},"class_list":["post-346","page","type-page","status-publish","hentry"],"_links":{"self":[{"href":"https:\/\/erremedica.com\/index.php\/wp-json\/wp\/v2\/pages\/346","targetHints":{"allow":["GET"]}}],"collection":[{"href":"https:\/\/erremedica.com\/index.php\/wp-json\/wp\/v2\/pages"}],"about":[{"href":"https:\/\/erremedica.com\/index.php\/wp-json\/wp\/v2\/types\/page"}],"author":[{"embeddable":true,"href":"https:\/\/erremedica.com\/index.php\/wp-json\/wp\/v2\/users\/1"}],"replies":[{"embeddable":true,"href":"https:\/\/erremedica.com\/index.php\/wp-json\/wp\/v2\/comments?post=346"}],"version-history":[{"count":27,"href":"https:\/\/erremedica.com\/index.php\/wp-json\/wp\/v2\/pages\/346\/revisions"}],"predecessor-version":[{"id":444,"href":"https:\/\/erremedica.com\/index.php\/wp-json\/wp\/v2\/pages\/346\/revisions\/444"}],"wp:attachment":[{"href":"https:\/\/erremedica.com\/index.php\/wp-json\/wp\/v2\/media?parent=346"}],"curies":[{"name":"wp","href":"https:\/\/api.w.org\/{rel}","templated":true}]}}